{"id":205,"date":"2019-06-24T01:32:44","date_gmt":"2019-06-24T01:32:44","guid":{"rendered":"https:\/\/lucenaecamposadvogados.com.br\/?page_id=205"},"modified":"2025-04-08T20:38:51","modified_gmt":"2025-04-08T20:38:51","slug":"front-page","status":"publish","type":"page","link":"https:\/\/lucenaecamposadvogados.com.br\/","title":{"rendered":"Front Page"},"content":{"rendered":"<div id=\"pl-205\"  class=\"panel-layout\" ><div id=\"pg-205-0\"  class=\"panel-grid panel-has-style\" ><div style=\"padding: 50px 0; \" data-overlay=\"true\" data-overlay-color=\"#000000\" class=\"panel-row-style panel-row-style-for-205-0\" ><div id=\"pgc-205-0-0\"  class=\"panel-grid-cell\" ><div id=\"panel-205-0-0-0\" class=\"so-panel widget widget_sow-editor panel-first-child panel-last-child\" data-index=\"0\" ><div style=\"text-align: left;\" data-title-color=\"#443f3f\" data-headings-color=\"#443f3f\" class=\"panel-widget-style panel-widget-style-for-205-0-0-0\" ><div\n\t\t\t\n\t\t\tclass=\"so-widget-sow-editor so-widget-sow-editor-base\"\n\t\t\t\n\t\t>\n<div class=\"siteorigin-widget-tinymce textwidget\">\n\t<h3 style=\"text-align: center;\"><strong>Dr. M\u00e1rio Penido Campos<\/strong><\/h3>\n<h4 style=\"text-align: center;\">25 anos de experi\u00eancia em advocacia.<\/h4>\n<h5 style=\"text-align: center;\">Atua\u00e7\u00e3o em Direito Civil, Imobili\u00e1rio, Trabalhista, LGPD e PPS.<br \/>\nEscrit\u00f3rios em Belo Horizonte e Bras\u00edlia.<\/h5>\n<\/div>\n<\/div><\/div><\/div><\/div><div id=\"pgc-205-0-1\"  class=\"panel-grid-cell panel-grid-cell-empty\" ><\/div><div id=\"pgc-205-0-2\"  class=\"panel-grid-cell\" ><div id=\"panel-205-0-2-0\" class=\"so-panel widget widget_sow-image panel-first-child panel-last-child\" data-index=\"1\" ><div style=\"text-align: left;\" data-title-color=\"#443f3f\" data-headings-color=\"#443f3f\" class=\"panel-widget-style panel-widget-style-for-205-0-2-0\" ><div\n\t\t\t\n\t\t\tclass=\"so-widget-sow-image so-widget-sow-image-default-113ccd71f3e6-205\"\n\t\t\t\n\t\t>\n<div class=\"sow-image-container\">\n\t\t<img src=\"https:\/\/lucenaecamposadvogados.com.br\/wp-content\/uploads\/2025\/04\/MarioCampos.jpg\" width=\"749\" height=\"867\" srcset=\"https:\/\/lucenaecamposadvogados.com.br\/wp-content\/uploads\/2025\/04\/MarioCampos.jpg 749w, https:\/\/lucenaecamposadvogados.com.br\/wp-content\/uploads\/2025\/04\/MarioCampos-259x300.jpg 259w, https:\/\/lucenaecamposadvogados.com.br\/wp-content\/uploads\/2025\/04\/MarioCampos-230x266.jpg 230w, https:\/\/lucenaecamposadvogados.com.br\/wp-content\/uploads\/2025\/04\/MarioCampos-350x405.jpg 350w, https:\/\/lucenaecamposadvogados.com.br\/wp-content\/uploads\/2025\/04\/MarioCampos-480x556.jpg 480w\" sizes=\"(max-width: 749px) 100vw, 749px\" alt=\"\" \t\tclass=\"so-widget-image\"\/>\n\t<\/div>\n\n<\/div><\/div><\/div><\/div><\/div><\/div><div id=\"pg-205-1\"  class=\"panel-grid panel-has-style\" ><div class=\"siteorigin-panels-stretch panel-row-style panel-row-style-for-205-1\" style=\"text-align: center;padding: 200px 0; \" data-stretch-type=\"full-width-stretch\" data-overlay=\"true\" data-overlay-color=\"#000000\" ><div id=\"pgc-205-1-0\"  class=\"panel-grid-cell\" ><div id=\"panel-205-1-0-0\" class=\"so-panel widget widget_sow-editor panel-first-child\" data-index=\"2\" ><div style=\"text-align: center;\" data-title-color=\"#ffffff\" data-headings-color=\"#ffffff\" class=\"panel-widget-style panel-widget-style-for-205-1-0-0\" ><div\n\t\t\t\n\t\t\tclass=\"so-widget-sow-editor so-widget-sow-editor-base\"\n\t\t\t\n\t\t>\n<div class=\"siteorigin-widget-tinymce textwidget\">\n\t<h6>Redes sociais<\/h6>\n<\/div>\n<\/div><\/div><\/div><div id=\"panel-205-1-0-1\" class=\"so-panel widget widget_sow-social-media-buttons\" data-index=\"3\" ><div style=\"text-align: left;\" data-title-color=\"#443f3f\" data-headings-color=\"#443f3f\" class=\"panel-widget-style panel-widget-style-for-205-1-0-1\" ><div\n\t\t\t\n\t\t\tclass=\"so-widget-sow-social-media-buttons so-widget-sow-social-media-buttons-atom-4ebb6e481afc-205\"\n\t\t\t\n\t\t>\n\n<div class=\"social-media-button-container\">\n\t\n\t\t<a class=\"ow-button-hover sow-social-media-button-instagram-0 sow-social-media-button\" title=\"Lucena &amp; Campos Advogados em Instagram\" aria-label=\"Lucena &amp; Campos Advogados em Instagram\" target=\"_blank\" rel=\"noopener noreferrer\" href=\"https:\/\/www.instagram.com\/lucenaecamposadv\" >\n\t\t\t<span>\n\t\t\t\t\t\t\t\t<span class=\"sow-icon-fontawesome sow-fab\" data-sow-icon=\"&#xf16d;\"\n\t\t \n\t\taria-hidden=\"true\"><\/span>\t\t\t\t\t\t\t<\/span>\n\t\t<\/a>\n\t\n\t\t<a class=\"ow-button-hover sow-social-media-button-facebook-0 sow-social-media-button\" title=\"Lucena &amp; Campos Advogados em Facebook\" aria-label=\"Lucena &amp; Campos Advogados em Facebook\" target=\"_blank\" rel=\"noopener noreferrer\" href=\"https:\/\/www.facebook.com\/lucenaecamposadv\" >\n\t\t\t<span>\n\t\t\t\t\t\t\t\t<span class=\"sow-icon-fontawesome sow-fab\" data-sow-icon=\"&#xf39e;\"\n\t\t \n\t\taria-hidden=\"true\"><\/span>\t\t\t\t\t\t\t<\/span>\n\t\t<\/a>\n\t\n\t\t<a class=\"ow-button-hover sow-social-media-button-youtube-0 sow-social-media-button\" title=\"Lucena &amp; Campos Advogados em Youtube\" aria-label=\"Lucena &amp; Campos Advogados em Youtube\" target=\"_blank\" rel=\"noopener noreferrer\" href=\"https:\/\/www.youtube.com\/lucenaecamposadv\" >\n\t\t\t<span>\n\t\t\t\t\t\t\t\t<span class=\"sow-icon-fontawesome sow-fab\" data-sow-icon=\"&#xf167;\"\n\t\t \n\t\taria-hidden=\"true\"><\/span>\t\t\t\t\t\t\t<\/span>\n\t\t<\/a>\n\t<\/div>\n<\/div><\/div><\/div><div id=\"panel-205-1-0-2\" class=\"so-panel widget widget_sow-editor\" data-index=\"4\" ><div style=\"text-align: center;\" data-title-color=\"#ffffff\" data-headings-color=\"#ffffff\" class=\"panel-widget-style panel-widget-style-for-205-1-0-2\" ><div\n\t\t\t\n\t\t\tclass=\"so-widget-sow-editor so-widget-sow-editor-base\"\n\t\t\t\n\t\t>\n<div class=\"siteorigin-widget-tinymce textwidget\">\n\t<h6><span style=\"color: #000000;\">.<\/span><\/h6>\n<\/div>\n<\/div><\/div><\/div><div id=\"panel-205-1-0-3\" class=\"so-panel widget widget_sow-button panel-last-child\" data-index=\"5\" ><div style=\"text-align: left;\" data-title-color=\"#443f3f\" data-headings-color=\"#443f3f\" class=\"panel-widget-style panel-widget-style-for-205-1-0-3\" ><div\n\t\t\t\n\t\t\tclass=\"so-widget-sow-button so-widget-sow-button-wire-ca4bf55472cc-205\"\n\t\t\t\n\t\t><div class=\"ow-button-base ow-button-align-center\">\n\t\t\t<a\n\t\t\t\t\thref=\"https:\/\/api.whatsapp.com\/send?1=pt_BR&#038;phone=5531xx\"\n\t\t\t\t\tclass=\"sowb-button ow-icon-placement-left ow-button-hover\" target=\"_blank\" rel=\"noopener noreferrer\" \t>\n\t\t<span>\n\t\t\t<span class=\"sow-icon-fontawesome sow-fab\" data-sow-icon=\"&#xf232;\"\n\t\tstyle=\"color: #ffffff\" \n\t\taria-hidden=\"true\"><\/span>\n\t\t\tENVIE UMA MENSAGEM\t\t<\/span>\n\t\t\t<\/a>\n\t<\/div>\n<\/div><\/div><\/div><\/div><div id=\"pgc-205-1-1\"  class=\"panel-grid-cell\" ><div id=\"panel-205-1-1-0\" class=\"so-panel widget widget_sow-editor panel-first-child panel-last-child\" data-index=\"6\" ><div style=\"text-align: left;\" data-title-color=\"#ffffff\" data-headings-color=\"#ffffff\" class=\"panel-widget-style panel-widget-style-for-205-1-1-0\" ><div\n\t\t\t\n\t\t\tclass=\"so-widget-sow-editor so-widget-sow-editor-base\"\n\t\t\t\n\t\t>\n<div class=\"siteorigin-widget-tinymce textwidget\">\n\t<h5><strong>Belo Horizonte\/MG - <span style=\"color: #ff9900;\">(31) 3245.0844<\/span><br \/>\n<\/strong>Av. Bar\u00e3o Homem de Melo, 4.386 - 12\u00ba and.<br \/>\nSl. 1.207\/1.208 - 30.494-270<\/h5>\n<hr \/>\n<h5><strong>Bras\u00edlia\/DF - <span style=\"color: #ff9900;\">(61) 2193.1386<\/span><br \/>\n<\/strong>SHS, Quadra 06, Conj. A, Bloco A - Sl. 501<br \/>\nBrasil 21 - 70.316-102<\/h5>\n<h6><\/h6>\n<\/div>\n<\/div><\/div><\/div><\/div><\/div><\/div><\/div>","protected":false},"excerpt":{"rendered":"<p>Dr. M\u00e1rio Penido Campos 25 anos de experi\u00eancia em advocacia. Atua\u00e7\u00e3o em Direito Civil, Imobili\u00e1rio, Trabalhista, LGPD e PPS. Escrit\u00f3rios em Belo Horizonte e Bras\u00edlia. Redes sociais . Belo Horizonte\/MG &#8211; (31) 3245.0844 Av. Bar\u00e3o Homem de Melo, 4.386 &#8211; 12\u00ba and. Sl. 1.207\/1.208 &#8211; 30.494-270 Bras\u00edlia\/DF &#8211; (61) 2193.1386 SHS, Quadra 06, Conj. A, [&hellip;]<\/p>\n","protected":false},"author":1,"featured_media":0,"parent":0,"menu_order":0,"comment_status":"closed","ping_status":"closed","template":"page-templates\/page_front-page.php","meta":{"footnotes":""},"_links":{"self":[{"href":"https:\/\/lucenaecamposadvogados.com.br\/index.php?rest_route=\/wp\/v2\/pages\/205"}],"collection":[{"href":"https:\/\/lucenaecamposadvogados.com.br\/index.php?rest_route=\/wp\/v2\/pages"}],"about":[{"href":"https:\/\/lucenaecamposadvogados.com.br\/index.php?rest_route=\/wp\/v2\/types\/page"}],"author":[{"embeddable":true,"href":"https:\/\/lucenaecamposadvogados.com.br\/index.php?rest_route=\/wp\/v2\/users\/1"}],"replies":[{"embeddable":true,"href":"https:\/\/lucenaecamposadvogados.com.br\/index.php?rest_route=%2Fwp%2Fv2%2Fcomments&post=205"}],"version-history":[{"count":431,"href":"https:\/\/lucenaecamposadvogados.com.br\/index.php?rest_route=\/wp\/v2\/pages\/205\/revisions"}],"predecessor-version":[{"id":939,"href":"https:\/\/lucenaecamposadvogados.com.br\/index.php?rest_route=\/wp\/v2\/pages\/205\/revisions\/939"}],"wp:attachment":[{"href":"https:\/\/lucenaecamposadvogados.com.br\/index.php?rest_route=%2Fwp%2Fv2%2Fmedia&parent=205"}],"curies":[{"name":"wp","href":"https:\/\/api.w.org\/{rel}","templated":true}]}}